{"id":121,"date":"2026-04-05T15:24:17","date_gmt":"2026-04-05T15:24:17","guid":{"rendered":"http:\/\/nathalienogret.com\/?page_id=121"},"modified":"2026-04-17T10:41:01","modified_gmt":"2026-04-17T10:41:01","slug":"la-seance-2","status":"publish","type":"page","link":"https:\/\/nathalienogret.com\/index.php\/la-seance-2\/","title":{"rendered":"LA S\u00c9ANCE"},"content":{"rendered":"\n<div class=\"wp-block-columns is-layout-flex wp-container-core-columns-is-layout-28f84493 wp-block-columns-is-layout-flex\">\n<div class=\"wp-block-column is-layout-flow wp-block-column-is-layout-flow\">\n<div class=\"wp-block-columns is-layout-flex wp-container-core-columns-is-layout-28f84493 wp-block-columns-is-layout-flex\">\n<div class=\"wp-block-column is-layout-flow wp-block-column-is-layout-flow\">\n<p><strong>LE TEST MUSCULAIRE<\/strong><br>Il existe une relation entre un \u00e9tat de stress et le tonus musculaire.<br>En cas de stress, il y a modification de la r\u00e9ponse du syst\u00e8me musculaire qui se traduit par une absence de verrouillage.<br>Le test musculaire guide le kin\u00e9siologue tout au long de la s\u00e9ance.<\/p>\n\n\n\n<p>Le consultant est principalement en position allong\u00e9e et reste v\u00eatu tout au long de la s\u00e9ance. Vous n&#8217;\u00f4tez que vos chaussures.<\/p>\n\n\n\n<p><strong>La kin\u00e9siologie ne peut pas remplacer la m\u00e9decine traditionnelle, elle peut n\u00e9anmoins venir en compl\u00e9ment.<\/strong><\/p>\n<\/div>\n\n\n\n<div class=\"wp-block-column is-layout-flow wp-block-column-is-layout-flow\">\n<figure class=\"wp-block-image size-large\"><img loading=\"lazy\" decoding=\"async\" width=\"1024\" height=\"819\" src=\"http:\/\/nathalienogret.com\/wp-content\/uploads\/2026\/02\/shadows-hands-white-wall-2-1024x819.jpg\" alt=\"\" class=\"wp-image-22\" srcset=\"https:\/\/nathalienogret.com\/wp-content\/uploads\/2026\/02\/shadows-hands-white-wall-2-1024x819.jpg 1024w, https:\/\/nathalienogret.com\/wp-content\/uploads\/2026\/02\/shadows-hands-white-wall-2-300x240.jpg 300w, https:\/\/nathalienogret.com\/wp-content\/uploads\/2026\/02\/shadows-hands-white-wall-2-768x614.jpg 768w, https:\/\/nathalienogret.com\/wp-content\/uploads\/2026\/02\/shadows-hands-white-wall-2-1536x1229.jpg 1536w, https:\/\/nathalienogret.com\/wp-content\/uploads\/2026\/02\/shadows-hands-white-wall-2-2048x1638.jpg 2048w\" sizes=\"auto, (max-width: 1024px) 100vw, 1024px\" \/><\/figure>\n\n\n\n<p><\/p>\n<\/div>\n<\/div>\n<\/div>\n<\/div>\n\n\n\n<div class=\"wp-block-columns is-layout-flex wp-container-core-columns-is-layout-28f84493 wp-block-columns-is-layout-flex\">\n<div class=\"wp-block-column is-layout-flow wp-block-column-is-layout-flow\">\n<p><strong>TARIF <\/strong><\/p>\n\n\n\n<p>Dur\u00e9e de la s\u00e9ance : autour d&#8217;1 heure <\/p>\n\n\n\n<p>Tarif : 70\u20ac par s\u00e9ance <\/p>\n\n\n\n<p>R\u00e8glement : par ch\u00e8que ou en esp\u00e8ces <\/p>\n\n\n\n<p>Annulation ou report : \u00e0 minima 48h \u00e0 l&#8217;avance<\/p>\n<\/div>\n\n\n\n<div class=\"wp-block-column is-layout-flow wp-block-column-is-layout-flow\">\n<h2 class=\"wp-block-heading has-ast-global-color-4-color has-ast-global-color-1-background-color has-text-color has-background has-link-color has-small-font-size wp-elements-0ea16ec6b858a686646f47c8cde5e210\">O\u00f9 se d\u00e9roule la s\u00e9ance ?<\/h2>\n<\/div>\n<\/div>\n\n\n\n<p class=\"has-large-font-size\"><strong>Questions<\/strong><\/p>\n\n\n\n<p><strong>Combien de temps dure une s\u00e9ance<\/strong> ? La s\u00e9ance en kin\u00e9siologie dure entre 45 minutes et 1 heure pour l&#8217;enfant et l&#8217;adulte. Lors de la premi\u00e8re s\u00e9ance le temps d&#8217;\u00e9change peut \u00eatre un peu plus long.<\/p>\n\n\n\n<p><strong>Vous souhaitez reporter la s\u00e9ance ?<\/strong> Toute s\u00e9ance annul\u00e9e ou report\u00e9e doit \u00eatre signal\u00e9e au moins 48h \u00e0 l&#8217;avance, afin que le cr\u00e9neau ne soit pas perdu et propos\u00e9 \u00e0 une personne en attente d&#8217;une disponibilit\u00e9.<\/p>\n\n\n\n<p><strong>Combien de s\u00e9ance pour aller mieux ?<\/strong> Chaque personne est unique, nous pouvons faire d&#8217;une \u00e0 plusieurs s\u00e9ances. &nbsp;Le nombre de s\u00e9ances n\u00e9cessaires varie en fonction de la personne et de la nature de son objectif, l&#8217;objectif pouvant tr\u00e8s bien s&#8217;ins\u00e9rer dans un parcours de bien \u00eatre pr\u00e9ventif. &nbsp;Le changement peut para\u00eetre imm\u00e9diat, le corps a besoin de temps pour int\u00e9grer les b\u00e9n\u00e9fices de la s\u00e9ance. <em>Plusieurs s\u00e9ances suppl\u00e9mentaires peuvent \u00eatre n\u00e9cessaire pour obtenir un r\u00e9sultat en profondeur et durable<\/em>. La seule r\u00e8gle valable pour tous : les s\u00e9ances sont espac\u00e9es de 3 \u00e0 4 semaines, le temps que votre corps int\u00e8gre la s\u00e9ance.<\/p>\n\n\n\n<p><strong>La s\u00e9ance peut-elle \u00eatre prise en charge par une mutuelle ?<\/strong> Certaines mutuelles prennent en charge cette m\u00e9decine douce, n&#8217;h\u00e9sitez pas \u00e0 vous renseigner aupr\u00e8s de votre mutuelle.&nbsp;<\/p>\n\n\n\n<p><strong>Code de d\u00e9ontologie : <\/strong>Nous sommes tenus au secret professionnel.<\/p>\n\n\n\n<figure class=\"wp-block-image size-large\"><img loading=\"lazy\" decoding=\"async\" width=\"1024\" height=\"680\" src=\"http:\/\/nathalienogret.com\/wp-content\/uploads\/2026\/04\/ST-MALO-OCT-10-071-1024x680.jpg\" alt=\"\" class=\"wp-image-188\" style=\"aspect-ratio:16\/9;object-fit:cover\" srcset=\"https:\/\/nathalienogret.com\/wp-content\/uploads\/2026\/04\/ST-MALO-OCT-10-071-1024x680.jpg 1024w, https:\/\/nathalienogret.com\/wp-content\/uploads\/2026\/04\/ST-MALO-OCT-10-071-300x199.jpg 300w, https:\/\/nathalienogret.com\/wp-content\/uploads\/2026\/04\/ST-MALO-OCT-10-071-768x510.jpg 768w, https:\/\/nathalienogret.com\/wp-content\/uploads\/2026\/04\/ST-MALO-OCT-10-071-1536x1020.jpg 1536w, https:\/\/nathalienogret.com\/wp-content\/uploads\/2026\/04\/ST-MALO-OCT-10-071-2048x1360.jpg 2048w\" sizes=\"auto, (max-width: 1024px) 100vw, 1024px\" \/><\/figure>\n","protected":false},"excerpt":{"rendered":"<p>LE TEST MUSCULAIREIl existe une relation entre un \u00e9tat de stress et le tonus musculaire.En cas de stress, il y [&hellip;]<\/p>\n","protected":false},"author":1,"featured_media":0,"parent":0,"menu_order":0,"comment_status":"closed","ping_status":"closed","template":"","meta":{"site-sidebar-layout":"default","site-content-layout":"","ast-site-content-layout":"default","site-content-style":"default","site-sidebar-style":"default","ast-global-header-display":"","ast-banner-title-visibility":"","ast-main-header-display":"","ast-hfb-above-header-display":"","ast-hfb-below-header-display":"","ast-hfb-mobile-header-display":"","site-post-title":"","ast-breadcrumbs-content":"","ast-featured-img":"","footer-sml-layout":"","ast-disable-related-posts":"","theme-transparent-header-meta":"","adv-header-id-meta":"","stick-header-meta":"","header-above-stick-meta":"","header-main-stick-meta":"","header-below-stick-meta":"","astra-migrate-meta-layouts":"default","ast-page-background-enabled":"default","ast-page-background-meta":{"desktop":{"background-color":"var(--ast-global-color-5)","background-image":"","background-repeat":"repeat","background-position":"center center","background-size":"auto","background-attachment":"scroll","background-type":"","background-media":"","overlay-type":"","overlay-color":"","overlay-opacity":"","overlay-gradient":""},"tablet":{"background-color":"","background-image":"","background-repeat":"repeat","background-position":"center center","background-size":"auto","background-attachment":"scroll","background-type":"","background-media":"","overlay-type":"","overlay-color":"","overlay-opacity":"","overlay-gradient":""},"mobile":{"background-color":"","background-image":"","background-repeat":"repeat","background-position":"center center","background-size":"auto","background-attachment":"scroll","background-type":"","background-media":"","overlay-type":"","overlay-color":"","overlay-opacity":"","overlay-gradient":""}},"ast-content-background-meta":{"desktop":{"background-color":"var(--ast-global-color-4)","background-image":"","background-repeat":"repeat","background-position":"center center","background-size":"auto","background-attachment":"scroll","background-type":"","background-media":"","overlay-type":"","overlay-color":"","overlay-opacity":"","overlay-gradient":""},"tablet":{"background-color":"var(--ast-global-color-4)","background-image":"","background-repeat":"repeat","background-position":"center center","background-size":"auto","background-attachment":"scroll","background-type":"","background-media":"","overlay-type":"","overlay-color":"","overlay-opacity":"","overlay-gradient":""},"mobile":{"background-color":"var(--ast-global-color-4)","background-image":"","background-repeat":"repeat","background-position":"center center","background-size":"auto","background-attachment":"scroll","background-type":"","background-media":"","overlay-type":"","overlay-color":"","overlay-opacity":"","overlay-gradient":""}},"footnotes":""},"class_list":["post-121","page","type-page","status-publish","hentry"],"_links":{"self":[{"href":"https:\/\/nathalienogret.com\/index.php\/wp-json\/wp\/v2\/pages\/121","targetHints":{"allow":["GET"]}}],"collection":[{"href":"https:\/\/nathalienogret.com\/index.php\/wp-json\/wp\/v2\/pages"}],"about":[{"href":"https:\/\/nathalienogret.com\/index.php\/wp-json\/wp\/v2\/types\/page"}],"author":[{"embeddable":true,"href":"https:\/\/nathalienogret.com\/index.php\/wp-json\/wp\/v2\/users\/1"}],"replies":[{"embeddable":true,"href":"https:\/\/nathalienogret.com\/index.php\/wp-json\/wp\/v2\/comments?post=121"}],"version-history":[{"count":20,"href":"https:\/\/nathalienogret.com\/index.php\/wp-json\/wp\/v2\/pages\/121\/revisions"}],"predecessor-version":[{"id":242,"href":"https:\/\/nathalienogret.com\/index.php\/wp-json\/wp\/v2\/pages\/121\/revisions\/242"}],"wp:attachment":[{"href":"https:\/\/nathalienogret.com\/index.php\/wp-json\/wp\/v2\/media?parent=121"}],"curies":[{"name":"wp","href":"https:\/\/api.w.org\/{rel}","templated":true}]}}