{"id":50,"date":"2026-02-12T13:19:40","date_gmt":"2026-02-12T13:19:40","guid":{"rendered":"http:\/\/nathalienogret.com\/?page_id=50"},"modified":"2026-04-17T09:48:25","modified_gmt":"2026-04-17T09:48:25","slug":"qui-suis-je-2","status":"publish","type":"page","link":"https:\/\/nathalienogret.com\/index.php\/qui-suis-je-2\/","title":{"rendered":"QUI SUIS-JE ?"},"content":{"rendered":"\n<div class=\"wp-block-group alignfull has-accent-background-color has-background is-layout-constrained wp-container-core-group-is-layout-669513ed wp-block-group-is-layout-constrained\" style=\"margin-top:0;margin-bottom:0;padding-top:var(--wp--preset--spacing--50);padding-right:var(--wp--preset--spacing--50);padding-bottom:var(--wp--preset--spacing--50);padding-left:var(--wp--preset--spacing--50)\">\n<div class=\"wp-block-columns alignwide is-layout-flex wp-container-core-columns-is-layout-1da03c2a wp-block-columns-is-layout-flex\">\n<div class=\"wp-block-column is-vertically-aligned-stretch is-layout-flow wp-block-column-is-layout-flow\" style=\"flex-basis:50%\">\n<div class=\"wp-block-group is-vertical is-content-justification-stretch is-layout-flex wp-container-core-group-is-layout-444d5ee8 wp-block-group-is-layout-flex\" style=\"min-height:100%\">\n<h2 class=\"wp-block-heading has-ast-global-color-7-background-color has-background has-medium-font-size\"><em>&#8220;Je crois profond\u00e9ment que chacun porte en lui les ressources n\u00e9cessaires pour avancer.&#8221; <\/em> Mon r\u00f4le est de vous aider \u00e0 les reconnecter.<\/h2>\n<\/div>\n<\/div>\n\n\n\n<div class=\"wp-block-column is-vertically-aligned-center is-layout-flow wp-block-column-is-layout-flow\" style=\"flex-basis:50%\">\n<figure class=\"wp-block-image size-large is-resized\"><img loading=\"lazy\" decoding=\"async\" width=\"1024\" height=\"680\" src=\"http:\/\/nathalienogret.com\/wp-content\/uploads\/2026\/04\/LULU-004-2-1024x680.jpg\" alt=\"\" class=\"wp-image-185\" style=\"aspect-ratio:1.5058600469017631;width:229px;height:auto\" srcset=\"https:\/\/nathalienogret.com\/wp-content\/uploads\/2026\/04\/LULU-004-2-1024x680.jpg 1024w, https:\/\/nathalienogret.com\/wp-content\/uploads\/2026\/04\/LULU-004-2-300x199.jpg 300w, https:\/\/nathalienogret.com\/wp-content\/uploads\/2026\/04\/LULU-004-2-768x510.jpg 768w, https:\/\/nathalienogret.com\/wp-content\/uploads\/2026\/04\/LULU-004-2-1536x1020.jpg 1536w, https:\/\/nathalienogret.com\/wp-content\/uploads\/2026\/04\/LULU-004-2-2048x1360.jpg 2048w\" sizes=\"auto, (max-width: 1024px) 100vw, 1024px\" \/><\/figure>\n<\/div>\n<\/div>\n<\/div>\n\n\n\n<div class=\"wp-block-group alignfull has-base-background-color has-background is-layout-constrained wp-container-core-group-is-layout-d89aad35 wp-block-group-is-layout-constrained\" style=\"margin-top:0;margin-bottom:0;padding-top:var(--wp--preset--spacing--50);padding-right:var(--wp--preset--spacing--50);padding-bottom:var(--wp--preset--spacing--50);padding-left:var(--wp--preset--spacing--50)\">\n<div class=\"wp-block-columns alignwide is-layout-flex wp-container-core-columns-is-layout-549b0c86 wp-block-columns-is-layout-flex\">\n<div class=\"wp-block-column is-content-justification-left is-layout-constrained wp-container-core-column-is-layout-4f15e8fe wp-block-column-is-layout-constrained\" style=\"flex-basis:26.67%\">\n<figure class=\"wp-block-image size-large\"><img loading=\"lazy\" decoding=\"async\" width=\"1024\" height=\"612\" src=\"http:\/\/nathalienogret.com\/wp-content\/uploads\/2026\/02\/cropped-ethereal-flower-studio-scaled-1-1024x612.jpg\" alt=\"\" class=\"wp-image-131\" srcset=\"https:\/\/nathalienogret.com\/wp-content\/uploads\/2026\/02\/cropped-ethereal-flower-studio-scaled-1-1024x612.jpg 1024w, https:\/\/nathalienogret.com\/wp-content\/uploads\/2026\/02\/cropped-ethereal-flower-studio-scaled-1-300x179.jpg 300w, https:\/\/nathalienogret.com\/wp-content\/uploads\/2026\/02\/cropped-ethereal-flower-studio-scaled-1-768x459.jpg 768w, https:\/\/nathalienogret.com\/wp-content\/uploads\/2026\/02\/cropped-ethereal-flower-studio-scaled-1-1536x919.jpg 1536w, https:\/\/nathalienogret.com\/wp-content\/uploads\/2026\/02\/cropped-ethereal-flower-studio-scaled-1.jpg 2000w\" sizes=\"auto, (max-width: 1024px) 100vw, 1024px\" \/><\/figure>\n<\/div>\n\n\n\n<div class=\"wp-block-column has-small-font-size is-layout-flow wp-container-core-column-is-layout-119bc444 wp-block-column-is-layout-flow\" style=\"flex-basis:40%\">\n<p class=\"has-heading-font-family has-small-font-size\" style=\"line-height:1.6\"><strong>Il y a plus de 25 ans, Il y a plus de 25 ans, j\u2019ai entam\u00e9 un chemin personnel de d\u00e9veloppement int\u00e9rieur. En 2003, trois s\u00e9ances de kin\u00e9siologie ont constitu\u00e9 un v\u00e9ritable d\u00e9clic. J\u2019y ai d\u00e9couvert une approche \u00e0 la fois douce et profonde, capable de mettre en lumi\u00e8re ce que les mots ne suffisent pas toujours \u00e0 exprimer. Cette exp\u00e9rience a \u00e9t\u00e9 d\u00e9terminante dans mon parcours.<\/strong> <\/p>\n\n\n\n<div class=\"wp-block-columns is-layout-flex wp-container-core-columns-is-layout-87beb0d0 wp-block-columns-is-layout-flex\">\n<div class=\"wp-block-column is-layout-flow wp-block-column-is-layout-flow\">\n<p class=\"wp-container-content-9cfa9a5a\">Issue du monde de l\u2019entreprise, o\u00f9 j\u2019ai \u00e9volu\u00e9 dans l\u2019\u00e9v\u00e9nementiel international, j\u2019ai parall\u00e8lement suivi diverses formations en d\u00e9veloppement personnel. Familiaris\u00e9e avec les probl\u00e9matiques de stress, de burn-out et de surcharge mentale, je me suis form\u00e9e en 2004 au m\u00e9tier de coach th\u00e9rapeute aupr\u00e8s de Jean-Louis Penin. Cette formation m\u2019a permis d\u2019explorer diff\u00e9rentes approches telles que la PNL, le r\u00eave \u00e9veill\u00e9, la synchronicit\u00e9, l\u2019hypnose ericksonienne et la sophrologie. Par la suite, j\u2019ai enrichi mes comp\u00e9tences \u00e0 travers plusieurs stages sp\u00e9cialis\u00e9s, notamment autour de l\u2019harmonie au travail, du g\u00e9o-d\u00e9codage de l\u2019habitat et de l\u2019herboristerie.<\/p>\n<\/div>\n<\/div>\n<\/div>\n\n\n\n<div class=\"wp-block-column has-small-font-size is-layout-flow wp-container-core-column-is-layout-119bc444 wp-block-column-is-layout-flow\" style=\"flex-basis:33.33%\">\n<p>En 2025, j\u2019ai choisi de consolider mon engagement en suivant une formation certifiante de plus de 600 heures \u00e0 l\u2019<a href=\"https:\/\/ak-kinesiologie.fr\/\" data-type=\"link\" data-id=\"https:\/\/ak-kinesiologie.fr\/\"><strong>AK<\/strong><\/a>, l\u2019Acad\u00e9mie de Kin\u00e9siologie de Cancale, organisme membre de la <strong><a href=\"https:\/\/www.federation-kinesiologie.fr\/\" data-type=\"link\" data-id=\"https:\/\/www.federation-kinesiologie.fr\/\">FFK<\/a><\/strong> F\u00e9d\u00e9ration Fran\u00e7aise de Kin\u00e9siologie et reconnu par le <a href=\"https:\/\/skpf.fr\/\"><strong>SKPF<\/strong><\/a>.. Aujourd\u2019hui certifi\u00e9e en kin\u00e9siologie int\u00e9grative, en lecture somatique, en CES (Corps \u00c9nergie Structure) et en kin\u00e9siologie fluidique, je me suis \u00e9galement form\u00e9e aux approches \u00e9pig\u00e9n\u00e9tiques et transg\u00e9n\u00e9rationnelles. L\u2019ensemble de ces outils me permet d\u2019instaurer un dialogue fin avec le corps, afin d\u2019identifier et de lib\u00e9rer les blocages \u00e9motionnels, \u00e9nerg\u00e9tiques ou li\u00e9s \u00e0 l\u2019histoire personnelle et familiale. Je poursuis r\u00e9guli\u00e8rement des formations afin d\u2019affiner ma pratique et de proposer un accompagnement toujours plus ajust\u00e9.<\/p>\n\n\n\n<p>Je pratique aujourd\u2019hui \u00e0 Saint-Malo, o\u00f9 j\u2019accompagne avec bienveillance celles et ceux qui souhaitent cheminer vers un mieux-\u00eatre durable.<\/p>\n<\/div>\n<\/div>\n<\/div>\n\n\n\n<div class=\"wp-block-group alignfull has-accent-5-background-color has-background is-layout-constrained wp-container-core-group-is-layout-d89aad35 wp-block-group-is-layout-constrained\" style=\"margin-top:0;margin-bottom:0;padding-top:var(--wp--preset--spacing--50);padding-right:var(--wp--preset--spacing--50);padding-bottom:var(--wp--preset--spacing--50);padding-left:var(--wp--preset--spacing--50)\">\n<div class=\"wp-block-columns alignwide is-layout-flex wp-container-core-columns-is-layout-1da03c2a wp-block-columns-is-layout-flex\">\n<div class=\"wp-block-column is-layout-flow wp-block-column-is-layout-flow\" style=\"flex-basis:40%\">\n<h1 class=\"wp-block-heading has-text-align-center has-medium-font-size\">Le corps est un alli\u00e9 pr\u00e9cieux : il sait, il se souvient, et il guide le chemin vers l\u2019apaisement et la lib\u00e9ration des blocages.<\/h1>\n\n\n\n<p class=\"has-small-font-size\">Dans mon accompagnement, j\u2019accorde une place essentielle \u00e0 l\u2019\u00e9coute, \u00e0 la bienveillance et au respect du rythme de chacun.<\/p>\n\n\n\n<div class=\"wp-block-buttons is-layout-flex wp-block-buttons-is-layout-flex\">\n<div class=\"wp-block-button\"><a class=\"wp-block-button__link wp-element-button\">xxx<\/a><\/div>\n<\/div>\n<\/div>\n\n\n\n<div class=\"wp-block-column is-vertically-aligned-center is-layout-flow wp-block-column-is-layout-flow\" style=\"flex-basis:60%\">\n<figure class=\"wp-block-image size-full is-resized is-style-rounded wp-duotone-varpresetduotoneduotone-1-1\"><img loading=\"lazy\" decoding=\"async\" width=\"2560\" height=\"1700\" src=\"http:\/\/nathalienogret.com\/wp-content\/uploads\/2026\/04\/ST-MALO-OCT-10-071-scaled.jpg\" alt=\"\" class=\"wp-image-188\" style=\"aspect-ratio:1.3333333333333333;object-fit:cover;width:576px;height:auto\" srcset=\"https:\/\/nathalienogret.com\/wp-content\/uploads\/2026\/04\/ST-MALO-OCT-10-071-scaled.jpg 2560w, https:\/\/nathalienogret.com\/wp-content\/uploads\/2026\/04\/ST-MALO-OCT-10-071-300x199.jpg 300w, https:\/\/nathalienogret.com\/wp-content\/uploads\/2026\/04\/ST-MALO-OCT-10-071-1024x680.jpg 1024w, https:\/\/nathalienogret.com\/wp-content\/uploads\/2026\/04\/ST-MALO-OCT-10-071-768x510.jpg 768w, https:\/\/nathalienogret.com\/wp-content\/uploads\/2026\/04\/ST-MALO-OCT-10-071-1536x1020.jpg 1536w, https:\/\/nathalienogret.com\/wp-content\/uploads\/2026\/04\/ST-MALO-OCT-10-071-2048x1360.jpg 2048w\" sizes=\"auto, (max-width: 2560px) 100vw, 2560px\" \/><\/figure>\n<\/div>\n<\/div>\n<\/div>\n\n\n\n<p><\/p>\n","protected":false},"excerpt":{"rendered":"<p>&#8220;Je crois profond\u00e9ment que chacun porte en lui les ressources n\u00e9cessaires pour avancer.&#8221; Mon r\u00f4le est de vous aider \u00e0 [&hellip;]<\/p>\n","protected":false},"author":1,"featured_media":0,"parent":0,"menu_order":0,"comment_status":"closed","ping_status":"closed","template":"","meta":{"site-sidebar-layout":"default","site-content-layout":"","ast-site-content-layout":"default","site-content-style":"default","site-sidebar-style":"default","ast-global-header-display":"","ast-banner-title-visibility":"","ast-main-header-display":"","ast-hfb-above-header-display":"","ast-hfb-below-header-display":"","ast-hfb-mobile-header-display":"","site-post-title":"","ast-breadcrumbs-content":"","ast-featured-img":"","footer-sml-layout":"","ast-disable-related-posts":"","theme-transparent-header-meta":"","adv-header-id-meta":"","stick-header-meta":"","header-above-stick-meta":"","header-main-stick-meta":"","header-below-stick-meta":"","astra-migrate-meta-layouts":"default","ast-page-background-enabled":"default","ast-page-background-meta":{"desktop":{"background-color":"var(--ast-global-color-5)","background-image":"","background-repeat":"repeat","background-position":"center center","background-size":"auto","background-attachment":"scroll","background-type":"","background-media":"","overlay-type":"","overlay-color":"","overlay-opacity":"","overlay-gradient":""},"tablet":{"background-color":"","background-image":"","background-repeat":"repeat","background-position":"center center","background-size":"auto","background-attachment":"scroll","background-type":"","background-media":"","overlay-type":"","overlay-color":"","overlay-opacity":"","overlay-gradient":""},"mobile":{"background-color":"","background-image":"","background-repeat":"repeat","background-position":"center center","background-size":"auto","background-attachment":"scroll","background-type":"","background-media":"","overlay-type":"","overlay-color":"","overlay-opacity":"","overlay-gradient":""}},"ast-content-background-meta":{"desktop":{"background-color":"var(--ast-global-color-4)","background-image":"","background-repeat":"repeat","background-position":"center center","background-size":"auto","background-attachment":"scroll","background-type":"","background-media":"","overlay-type":"","overlay-color":"","overlay-opacity":"","overlay-gradient":""},"tablet":{"background-color":"var(--ast-global-color-4)","background-image":"","background-repeat":"repeat","background-position":"center center","background-size":"auto","background-attachment":"scroll","background-type":"","background-media":"","overlay-type":"","overlay-color":"","overlay-opacity":"","overlay-gradient":""},"mobile":{"background-color":"var(--ast-global-color-4)","background-image":"","background-repeat":"repeat","background-position":"center center","background-size":"auto","background-attachment":"scroll","background-type":"","background-media":"","overlay-type":"","overlay-color":"","overlay-opacity":"","overlay-gradient":""}},"footnotes":""},"class_list":["post-50","page","type-page","status-publish","hentry"],"_links":{"self":[{"href":"https:\/\/nathalienogret.com\/index.php\/wp-json\/wp\/v2\/pages\/50","targetHints":{"allow":["GET"]}}],"collection":[{"href":"https:\/\/nathalienogret.com\/index.php\/wp-json\/wp\/v2\/pages"}],"about":[{"href":"https:\/\/nathalienogret.com\/index.php\/wp-json\/wp\/v2\/types\/page"}],"author":[{"embeddable":true,"href":"https:\/\/nathalienogret.com\/index.php\/wp-json\/wp\/v2\/users\/1"}],"replies":[{"embeddable":true,"href":"https:\/\/nathalienogret.com\/index.php\/wp-json\/wp\/v2\/comments?post=50"}],"version-history":[{"count":15,"href":"https:\/\/nathalienogret.com\/index.php\/wp-json\/wp\/v2\/pages\/50\/revisions"}],"predecessor-version":[{"id":222,"href":"https:\/\/nathalienogret.com\/index.php\/wp-json\/wp\/v2\/pages\/50\/revisions\/222"}],"wp:attachment":[{"href":"https:\/\/nathalienogret.com\/index.php\/wp-json\/wp\/v2\/media?parent=50"}],"curies":[{"name":"wp","href":"https:\/\/api.w.org\/{rel}","templated":true}]}}