{"id":53,"date":"2026-02-12T12:19:56","date_gmt":"2026-02-12T12:19:56","guid":{"rendered":"http:\/\/nathalienogret.com\/?page_id=53"},"modified":"2026-04-17T10:44:39","modified_gmt":"2026-04-17T10:44:39","slug":"la-kinesiologie","status":"publish","type":"page","link":"https:\/\/nathalienogret.com\/","title":{"rendered":"LA KIN\u00c9SIOLOGIE"},"content":{"rendered":"\n<div class=\"wp-block-group alignfull is-layout-constrained wp-container-core-group-is-layout-490fa1db wp-block-group-is-layout-constrained\" style=\"padding-top:var(--wp--preset--spacing--50);padding-right:var(--wp--preset--spacing--50);padding-bottom:var(--wp--preset--spacing--50);padding-left:var(--wp--preset--spacing--50)\">\n<div class=\"wp-block-group is-layout-constrained wp-container-core-group-is-layout-650790e1 wp-block-group-is-layout-constrained\">\n<h1 class=\"wp-block-heading has-text-align-center has-medium-font-size\" style=\"margin-top:0;margin-right:0;margin-bottom:0;margin-left:0\">Notre corps garde en m\u00e9moire nos \u00e9motions, nos stress et nos exp\u00e9riences de vie.<\/h1>\n\n\n\n<div style=\"height:1.25rem\" aria-hidden=\"true\" class=\"wp-block-spacer\"><\/div>\n\n\n\n<p class=\"has-text-align-center\">Lorsqu\u2019un d\u00e9s\u00e9quilibre s\u2019installe, il peut se manifester par de la fatigue, des blocages, des tensions ou un mal-\u00eatre diffus.<\/p>\n\n\n\n<p class=\"has-text-align-center\">La kin\u00e9siologie est une approche douce qui permet de dialoguer avec le corps gr\u00e2ce au test musculaire. Que vous soyez confront\u00e9 \u00e0 des \u00e9v\u00e9nements difficiles ou simplement \u00e0 des d\u00e9s\u00e9quilibres quotidiens, la kin\u00e9siologie peut vous offrir un v\u00e9ritable soulagement en lib\u00e9rant votre potentiel et vos ressources.<\/p>\n\n\n\n<div style=\"height:1.25rem\" aria-hidden=\"true\" class=\"wp-block-spacer\"><\/div>\n<\/div>\n\n\n\n<div class=\"wp-block-columns is-layout-flex wp-container-core-columns-is-layout-28f84493 wp-block-columns-is-layout-flex\">\n<div class=\"wp-block-column is-layout-flow wp-block-column-is-layout-flow\">\n<p class=\"has-medium-font-size\" style=\"line-height:1.4\">La kin\u00e9siologie peut vous accompagner :<\/p>\n\n\n\n<ul class=\"wp-block-list\">\n<li>Petits maux g\u00eanants du quotidien<\/li>\n\n\n\n<li>Stress, anxi\u00e9t\u00e9 et irritabilit\u00e9 &#8211; Burn-out<\/li>\n\n\n\n<li>Timidit\u00e9, peurs, phobies<\/li>\n\n\n\n<li>Sautes d\u2019humeur, crises d\u2019angoisse <\/li>\n\n\n\n<li>Troubles du sommeil et douleurs inexpliqu\u00e9es<\/li>\n\n\n\n<li>D\u00e9s\u00e9quilibres posturaux, ecz\u00e9ma, psoriasis<\/li>\n\n\n\n<li>Probl\u00e8mes relationnels, d\u00e9s\u00e9quilibres hormonaux<\/li>\n\n\n\n<li>D\u00e9veloppement personnel, \u00e9panouissement professionnel<\/li>\n\n\n\n<li>Perte de poids et bien-\u00eatre g\u00e9n\u00e9ral<\/li>\n<\/ul>\n<\/div>\n\n\n\n<div class=\"wp-block-column is-layout-flow wp-block-column-is-layout-flow\">\n<figure class=\"wp-block-image size-large is-resized\"><img loading=\"lazy\" decoding=\"async\" width=\"1024\" height=\"768\" src=\"http:\/\/nathalienogret.com\/wp-content\/uploads\/2026\/04\/IMG_0236-1024x768.jpg\" alt=\"\" class=\"wp-image-186\" style=\"aspect-ratio:1.3333484637354494;width:448px;height:auto\" srcset=\"https:\/\/nathalienogret.com\/wp-content\/uploads\/2026\/04\/IMG_0236-1024x768.jpg 1024w, https:\/\/nathalienogret.com\/wp-content\/uploads\/2026\/04\/IMG_0236-300x225.jpg 300w, https:\/\/nathalienogret.com\/wp-content\/uploads\/2026\/04\/IMG_0236-768x576.jpg 768w, https:\/\/nathalienogret.com\/wp-content\/uploads\/2026\/04\/IMG_0236-1536x1152.jpg 1536w, https:\/\/nathalienogret.com\/wp-content\/uploads\/2026\/04\/IMG_0236.jpg 2048w\" sizes=\"auto, (max-width: 1024px) 100vw, 1024px\" \/><\/figure>\n<\/div>\n<\/div>\n\n\n\n<div style=\"height:0px\" aria-hidden=\"true\" class=\"wp-block-spacer\"><\/div>\n<\/div>\n\n\n\n<div class=\"wp-block-group alignfull is-layout-constrained wp-container-core-group-is-layout-d89aad35 wp-block-group-is-layout-constrained\" style=\"margin-top:0;margin-bottom:0;padding-top:var(--wp--preset--spacing--50);padding-right:var(--wp--preset--spacing--50);padding-bottom:var(--wp--preset--spacing--50);padding-left:var(--wp--preset--spacing--50)\">\n<blockquote class=\"wp-block-quote has-ast-global-color-7-background-color has-background is-layout-flow wp-block-quote-is-layout-flow\">\n<p><strong><em>La kin\u00e9siologie est une approche humaine globale. Elle vise \u00e0 accompagner toute personne vers un meilleur \u00e9quilibre sur les plans mental, \u00e9motionnel, physique et \u00e9nerg\u00e9tique.<\/em><\/strong><\/p>\n<\/blockquote>\n<\/div>\n\n\n\n<div class=\"wp-block-group alignfull has-base-2-background-color has-background is-layout-constrained wp-container-core-group-is-layout-669513ed wp-block-group-is-layout-constrained\" style=\"margin-top:0;margin-bottom:0;padding-top:var(--wp--preset--spacing--50);padding-right:var(--wp--preset--spacing--50);padding-bottom:var(--wp--preset--spacing--50);padding-left:var(--wp--preset--spacing--50)\">\n<div class=\"wp-block-columns alignwide is-layout-flex wp-container-core-columns-is-layout-d0bbbce0 wp-block-columns-is-layout-flex\">\n<div class=\"wp-block-column is-layout-flow wp-container-core-column-is-layout-e3d1c41b wp-block-column-is-layout-flow\">\n<h3 class=\"wp-block-heading has-text-align-left is-style-asterisk has-ast-global-color-1-color has-text-color has-link-color has-body-font-family has-medium-font-size wp-elements-3c1d1251aaedf326dfbbd0e8dc0f7832\" style=\"font-style:normal;font-weight:600\">G\u00e9n\u00e8se<\/h3>\n<\/div>\n<\/div>\n\n\n\n<div style=\"height:var(--wp--preset--spacing--20)\" aria-hidden=\"true\" class=\"wp-block-spacer\"><\/div>\n\n\n\n<div class=\"wp-block-columns alignwide is-layout-flex wp-container-core-columns-is-layout-d0bbbce0 wp-block-columns-is-layout-flex\">\n<div class=\"wp-block-column is-layout-flow wp-block-column-is-layout-flow\">\n<p><em>Dans les ann\u00e9es 1960 aux \u00c9tats-Unis, le Dr Goodheart, Chiropracteur, a cr\u00e9\u00e9 des tests de Kin\u00e9siologie Appliqu\u00e9e pour l\u2019enseigner \u00e0 des professionnels de la sant\u00e9 appel\u00e9s &#8220;Doctors&#8221;.<\/em><\/p>\n\n\n\n<p><em>Un de ses \u00e9l\u00e8ves, nomm\u00e9 John Thie, a d\u00e9cid\u00e9 de rendre accessible \u00e0 tous le test musculaire. Il a cr\u00e9\u00e9 le <strong>Touch For Health<\/strong> qui utilise le test musculaire et les points d\u2019acupressure de l\u2019\u00e9nerg\u00e9tique chinoise pour permettre \u00e0 tout un chacun d\u2019identifier par test musculaire les r\u00e9ponses de vitalit\u00e9 ou d\u2019\u00e9nergie du corps. Au m\u00eame titre que la perte de la vitalit\u00e9 ressentie dans nos jambes quand nous apprenons une mauvaise nouvelle et que nous sommes oblig\u00e9s de nous asseoir pour ne pas d\u00e9faillir.<br>Le Touch For Health est donc au fondement des kin\u00e9siologies sp\u00e9cialis\u00e9es.<\/em><\/p>\n<\/div>\n<\/div>\n<\/div>\n\n\n\n<p><\/p>\n","protected":false},"excerpt":{"rendered":"<p>Notre corps garde en m\u00e9moire nos \u00e9motions, nos stress et nos exp\u00e9riences de vie. Lorsqu\u2019un d\u00e9s\u00e9quilibre s\u2019installe, il peut se [&hellip;]<\/p>\n","protected":false},"author":1,"featured_media":0,"parent":0,"menu_order":0,"comment_status":"closed","ping_status":"closed","template":"","meta":{"site-sidebar-layout":"default","site-content-layout":"","ast-site-content-layout":"default","site-content-style":"default","site-sidebar-style":"default","ast-global-header-display":"","ast-banner-title-visibility":"","ast-main-header-display":"","ast-hfb-above-header-display":"","ast-hfb-below-header-display":"","ast-hfb-mobile-header-display":"","site-post-title":"","ast-breadcrumbs-content":"","ast-featured-img":"","footer-sml-layout":"","ast-disable-related-posts":"","theme-transparent-header-meta":"","adv-header-id-meta":"","stick-header-meta":"","header-above-stick-meta":"","header-main-stick-meta":"","header-below-stick-meta":"","astra-migrate-meta-layouts":"default","ast-page-background-enabled":"default","ast-page-background-meta":{"desktop":{"background-color":"var(--ast-global-color-5)","background-image":"","background-repeat":"repeat","background-position":"center center","background-size":"auto","background-attachment":"scroll","background-type":"","background-media":"","overlay-type":"","overlay-color":"","overlay-opacity":"","overlay-gradient":""},"tablet":{"background-color":"","background-image":"","background-repeat":"repeat","background-position":"center center","background-size":"auto","background-attachment":"scroll","background-type":"","background-media":"","overlay-type":"","overlay-color":"","overlay-opacity":"","overlay-gradient":""},"mobile":{"background-color":"","background-image":"","background-repeat":"repeat","background-position":"center center","background-size":"auto","background-attachment":"scroll","background-type":"","background-media":"","overlay-type":"","overlay-color":"","overlay-opacity":"","overlay-gradient":""}},"ast-content-background-meta":{"desktop":{"background-color":"var(--ast-global-color-4)","background-image":"","background-repeat":"repeat","background-position":"center center","background-size":"auto","background-attachment":"scroll","background-type":"","background-media":"","overlay-type":"","overlay-color":"","overlay-opacity":"","overlay-gradient":""},"tablet":{"background-color":"var(--ast-global-color-4)","background-image":"","background-repeat":"repeat","background-position":"center center","background-size":"auto","background-attachment":"scroll","background-type":"","background-media":"","overlay-type":"","overlay-color":"","overlay-opacity":"","overlay-gradient":""},"mobile":{"background-color":"var(--ast-global-color-4)","background-image":"","background-repeat":"repeat","background-position":"center center","background-size":"auto","background-attachment":"scroll","background-type":"","background-media":"","overlay-type":"","overlay-color":"","overlay-opacity":"","overlay-gradient":""}},"footnotes":""},"class_list":["post-53","page","type-page","status-publish","hentry"],"_links":{"self":[{"href":"https:\/\/nathalienogret.com\/index.php\/wp-json\/wp\/v2\/pages\/53","targetHints":{"allow":["GET"]}}],"collection":[{"href":"https:\/\/nathalienogret.com\/index.php\/wp-json\/wp\/v2\/pages"}],"about":[{"href":"https:\/\/nathalienogret.com\/index.php\/wp-json\/wp\/v2\/types\/page"}],"author":[{"embeddable":true,"href":"https:\/\/nathalienogret.com\/index.php\/wp-json\/wp\/v2\/users\/1"}],"replies":[{"embeddable":true,"href":"https:\/\/nathalienogret.com\/index.php\/wp-json\/wp\/v2\/comments?post=53"}],"version-history":[{"count":18,"href":"https:\/\/nathalienogret.com\/index.php\/wp-json\/wp\/v2\/pages\/53\/revisions"}],"predecessor-version":[{"id":244,"href":"https:\/\/nathalienogret.com\/index.php\/wp-json\/wp\/v2\/pages\/53\/revisions\/244"}],"wp:attachment":[{"href":"https:\/\/nathalienogret.com\/index.php\/wp-json\/wp\/v2\/media?parent=53"}],"curies":[{"name":"wp","href":"https:\/\/api.w.org\/{rel}","templated":true}]}}